{"id":20,"date":"2026-03-17T07:57:31","date_gmt":"2026-03-17T07:57:31","guid":{"rendered":"https:\/\/asefromania.ro\/?page_id=20"},"modified":"2026-03-18T13:48:04","modified_gmt":"2026-03-18T11:48:04","slug":"acasa","status":"publish","type":"page","link":"https:\/\/asefromania.ro\/","title":{"rendered":"Acas\u0103"},"content":{"rendered":"\t\t<div data-elementor-type=\"wp-page\" data-elementor-id=\"20\" class=\"elementor elementor-20\" data-elementor-post-type=\"page\">\n\t\t\t\t<div class=\"elementor-element elementor-element-5b5792a e-flex e-con-boxed e-con e-parent\" data-id=\"5b5792a\" data-element_type=\"container\" data-e-type=\"container\" data-settings=\"{&quot;background_background&quot;:&quot;classic&quot;}\">\n\t\t\t\t\t<div class=\"e-con-inner\">\n\t\t\t\t<div class=\"elementor-element elementor-element-3a00987 elementor-widget elementor-widget-image\" data-id=\"3a00987\" data-element_type=\"widget\" data-e-type=\"widget\" data-widget_type=\"image.default\">\n\t\t\t\t\t\t\t\t\t\t\t\t\t\t\t<img fetchpriority=\"high\" decoding=\"async\" width=\"851\" height=\"315\" src=\"https:\/\/asefromania.ro\/wp-content\/uploads\/2026\/03\/WhatsApp-Image-2026-03-18-at-13.32.05-1.jpeg\" class=\"attachment-full size-full wp-image-168\" alt=\"\" srcset=\"https:\/\/asefromania.ro\/wp-content\/uploads\/2026\/03\/WhatsApp-Image-2026-03-18-at-13.32.05-1.jpeg 851w, https:\/\/asefromania.ro\/wp-content\/uploads\/2026\/03\/WhatsApp-Image-2026-03-18-at-13.32.05-1-300x111.jpeg 300w, https:\/\/asefromania.ro\/wp-content\/uploads\/2026\/03\/WhatsApp-Image-2026-03-18-at-13.32.05-1-768x284.jpeg 768w\" sizes=\"(max-width: 851px) 100vw, 851px\" \/>\t\t\t\t\t\t\t\t\t\t\t\t\t\t\t<\/div>\n\t\t\t\t<div class=\"elementor-element elementor-element-350a7a5 elementor-widget elementor-widget-heading\" data-id=\"350a7a5\" data-element_type=\"widget\" data-e-type=\"widget\" data-widget_type=\"heading.default\">\n\t\t\t\t\t<h1 class=\"elementor-heading-title elementor-size-default\">Educa\u021bie pentru o via\u021b\u0103 s\u0103n\u0103toas\u0103 \u0219i o familie puternic\u0103<\/h1>\t\t\t\t<\/div>\n\t\t\t\t<div class=\"elementor-element elementor-element-0578da3 elementor-widget elementor-widget-heading\" data-id=\"0578da3\" data-element_type=\"widget\" data-e-type=\"widget\" data-widget_type=\"heading.default\">\n\t\t\t\t\t<h2 class=\"elementor-heading-title elementor-size-default\">S\u0103n\u0103tatea \u00eencepe cu tine.<\/h2>\t\t\t\t<\/div>\n\t\t\t\t<div class=\"elementor-element elementor-element-464a734 elementor-widget elementor-widget-heading\" data-id=\"464a734\" data-element_type=\"widget\" data-e-type=\"widget\" data-widget_type=\"heading.default\">\n\t\t\t\t\t<h3 class=\"elementor-heading-title elementor-size-default\">Din 1999 promov\u0103m s\u0103n\u0103tatea, educa\u021bia \u0219i valorile familiei.<\/h3>\t\t\t\t<\/div>\n\t\t\t\t<div class=\"elementor-element elementor-element-56e941f elementor-align-center elementor-widget elementor-widget-button\" data-id=\"56e941f\" data-element_type=\"widget\" data-e-type=\"widget\" data-widget_type=\"button.default\">\n\t\t\t\t\t\t\t\t\t\t<a class=\"elementor-button elementor-button-link elementor-size-sm\" href=\"#\">\n\t\t\t\t\t\t<span class=\"elementor-button-content-wrapper\">\n\t\t\t\t\t\t\t\t\t<span class=\"elementor-button-text\">Afl\u0103 mai mult<\/span>\n\t\t\t\t\t<\/span>\n\t\t\t\t\t<\/a>\n\t\t\t\t\t\t\t\t<\/div>\n\t\t\t\t<div class=\"elementor-element elementor-element-bcfb96d elementor-widget elementor-widget-spacer\" data-id=\"bcfb96d\" data-element_type=\"widget\" data-e-type=\"widget\" data-widget_type=\"spacer.default\">\n\t\t\t\t\t\t\t<div class=\"elementor-spacer\">\n\t\t\t<div class=\"elementor-spacer-inner\"><\/div>\n\t\t<\/div>\n\t\t\t\t\t\t<\/div>\n\t\t\t\t\t<\/div>\n\t\t\t\t<\/div>\n\t\t<div class=\"elementor-element elementor-element-abfbecd e-grid e-con-boxed e-con e-parent\" data-id=\"abfbecd\" data-element_type=\"container\" data-e-type=\"container\" data-settings=\"{&quot;background_background&quot;:&quot;classic&quot;}\">\n\t\t\t\t\t<div class=\"e-con-inner\">\n\t\t<div class=\"elementor-element elementor-element-70acc7b e-con-full e-flex e-con e-child\" data-id=\"70acc7b\" data-element_type=\"container\" data-e-type=\"container\">\n\t\t\t\t<div class=\"elementor-element elementor-element-daeb973 elementor-widget elementor-widget-image\" data-id=\"daeb973\" data-element_type=\"widget\" data-e-type=\"widget\" data-widget_type=\"image.default\">\n\t\t\t\t\t\t\t\t\t\t\t\t\t\t\t<img decoding=\"async\" width=\"800\" height=\"567\" src=\"https:\/\/asefromania.ro\/wp-content\/uploads\/2026\/03\/WhatsApp-Image-2026-03-17-at-11.16.24-1024x726.jpeg\" class=\"attachment-large size-large wp-image-110\" alt=\"\" srcset=\"https:\/\/asefromania.ro\/wp-content\/uploads\/2026\/03\/WhatsApp-Image-2026-03-17-at-11.16.24-1024x726.jpeg 1024w, https:\/\/asefromania.ro\/wp-content\/uploads\/2026\/03\/WhatsApp-Image-2026-03-17-at-11.16.24-300x213.jpeg 300w, https:\/\/asefromania.ro\/wp-content\/uploads\/2026\/03\/WhatsApp-Image-2026-03-17-at-11.16.24-768x545.jpeg 768w, https:\/\/asefromania.ro\/wp-content\/uploads\/2026\/03\/WhatsApp-Image-2026-03-17-at-11.16.24-1536x1090.jpeg 1536w, https:\/\/asefromania.ro\/wp-content\/uploads\/2026\/03\/WhatsApp-Image-2026-03-17-at-11.16.24.jpeg 1748w\" sizes=\"(max-width: 800px) 100vw, 800px\" \/>\t\t\t\t\t\t\t\t\t\t\t\t\t\t\t<\/div>\n\t\t\t\t<div class=\"elementor-element elementor-element-d1f4f23 elementor-widget elementor-widget-heading\" data-id=\"d1f4f23\" data-element_type=\"widget\" data-e-type=\"widget\" data-widget_type=\"heading.default\">\n\t\t\t\t\t<h4 class=\"elementor-heading-title elementor-size-default\">Preven\u021bie \u0219i stil de via\u021b\u0103 echilibrat<\/h4>\t\t\t\t<\/div>\n\t\t\t\t<\/div>\n\t\t<div class=\"elementor-element elementor-element-5d48448 e-con-full e-flex e-con e-child\" data-id=\"5d48448\" data-element_type=\"container\" data-e-type=\"container\">\n\t\t\t\t<div class=\"elementor-element elementor-element-dc02788 elementor-widget elementor-widget-image\" data-id=\"dc02788\" data-element_type=\"widget\" data-e-type=\"widget\" data-widget_type=\"image.default\">\n\t\t\t\t\t\t\t\t\t\t\t\t\t\t\t<img decoding=\"async\" width=\"800\" height=\"567\" src=\"https:\/\/asefromania.ro\/wp-content\/uploads\/2026\/03\/WhatsApp-Image-2026-03-17-at-11.21.22-1024x726.jpeg\" class=\"attachment-large size-large wp-image-123\" alt=\"\" srcset=\"https:\/\/asefromania.ro\/wp-content\/uploads\/2026\/03\/WhatsApp-Image-2026-03-17-at-11.21.22-1024x726.jpeg 1024w, https:\/\/asefromania.ro\/wp-content\/uploads\/2026\/03\/WhatsApp-Image-2026-03-17-at-11.21.22-300x213.jpeg 300w, https:\/\/asefromania.ro\/wp-content\/uploads\/2026\/03\/WhatsApp-Image-2026-03-17-at-11.21.22-768x545.jpeg 768w, https:\/\/asefromania.ro\/wp-content\/uploads\/2026\/03\/WhatsApp-Image-2026-03-17-at-11.21.22-1536x1090.jpeg 1536w, https:\/\/asefromania.ro\/wp-content\/uploads\/2026\/03\/WhatsApp-Image-2026-03-17-at-11.21.22.jpeg 1748w\" sizes=\"(max-width: 800px) 100vw, 800px\" \/>\t\t\t\t\t\t\t\t\t\t\t\t\t\t\t<\/div>\n\t\t\t\t<div class=\"elementor-element elementor-element-1c74fb3 elementor-widget elementor-widget-heading\" data-id=\"1c74fb3\" data-element_type=\"widget\" data-e-type=\"widget\" data-widget_type=\"heading.default\">\n\t\t\t\t\t<h4 class=\"elementor-heading-title elementor-size-default\">Dezvoltarea caracterului \u0219i a valorilor<\/h4>\t\t\t\t<\/div>\n\t\t\t\t<\/div>\n\t\t<div class=\"elementor-element elementor-element-85f5bf0 e-con-full e-flex e-con e-child\" data-id=\"85f5bf0\" data-element_type=\"container\" data-e-type=\"container\">\n\t\t\t\t<div class=\"elementor-element elementor-element-2fcc6b3 elementor-widget elementor-widget-image\" data-id=\"2fcc6b3\" data-element_type=\"widget\" data-e-type=\"widget\" data-widget_type=\"image.default\">\n\t\t\t\t\t\t\t\t\t\t\t\t\t\t\t<img loading=\"lazy\" decoding=\"async\" width=\"800\" height=\"567\" src=\"https:\/\/asefromania.ro\/wp-content\/uploads\/2026\/03\/WhatsApp-Image-2026-03-17-at-11.25.47-1024x726.jpeg\" class=\"attachment-large size-large wp-image-128\" alt=\"\" srcset=\"https:\/\/asefromania.ro\/wp-content\/uploads\/2026\/03\/WhatsApp-Image-2026-03-17-at-11.25.47-1024x726.jpeg 1024w, https:\/\/asefromania.ro\/wp-content\/uploads\/2026\/03\/WhatsApp-Image-2026-03-17-at-11.25.47-300x213.jpeg 300w, https:\/\/asefromania.ro\/wp-content\/uploads\/2026\/03\/WhatsApp-Image-2026-03-17-at-11.25.47-768x545.jpeg 768w, https:\/\/asefromania.ro\/wp-content\/uploads\/2026\/03\/WhatsApp-Image-2026-03-17-at-11.25.47-1536x1090.jpeg 1536w, https:\/\/asefromania.ro\/wp-content\/uploads\/2026\/03\/WhatsApp-Image-2026-03-17-at-11.25.47.jpeg 1748w\" sizes=\"(max-width: 800px) 100vw, 800px\" \/>\t\t\t\t\t\t\t\t\t\t\t\t\t\t\t<\/div>\n\t\t\t\t<div class=\"elementor-element elementor-element-73662eb elementor-widget elementor-widget-heading\" data-id=\"73662eb\" data-element_type=\"widget\" data-e-type=\"widget\" data-widget_type=\"heading.default\">\n\t\t\t\t\t<h4 class=\"elementor-heading-title elementor-size-default\">Rela\u021bii armonioase \u0219i sprijin reciproc<\/h4>\t\t\t\t<\/div>\n\t\t\t\t<\/div>\n\t\t\t\t\t<\/div>\n\t\t\t\t<\/div>\n\t\t<div class=\"elementor-element elementor-element-0c00a32 e-flex e-con-boxed e-con e-parent\" data-id=\"0c00a32\" data-element_type=\"container\" data-e-type=\"container\" data-settings=\"{&quot;background_background&quot;:&quot;classic&quot;}\">\n\t\t\t\t\t<div class=\"e-con-inner\">\n\t\t\t\t<div class=\"elementor-element elementor-element-4cbe3e9 elementor-widget elementor-widget-spacer\" data-id=\"4cbe3e9\" data-element_type=\"widget\" data-e-type=\"widget\" data-widget_type=\"spacer.default\">\n\t\t\t\t\t\t\t<div class=\"elementor-spacer\">\n\t\t\t<div class=\"elementor-spacer-inner\"><\/div>\n\t\t<\/div>\n\t\t\t\t\t\t<\/div>\n\t\t\t\t<div class=\"elementor-element elementor-element-387e7ce elementor-widget elementor-widget-heading\" data-id=\"387e7ce\" data-element_type=\"widget\" data-e-type=\"widget\" data-widget_type=\"heading.default\">\n\t\t\t\t\t<h2 class=\"elementor-heading-title elementor-size-default\">\u201eASEF este o organiza\u021bie non-profit \u00eenfiin\u021bat\u0103 \u00een 1999 care promoveaz\u0103 s\u0103n\u0103tatea, educa\u021bia \u0219i valorile familiei prin programe educa\u021bionale \u0219i ac\u021biuni sociale.\u201d<\/h2>\t\t\t\t<\/div>\n\t\t\t\t<div class=\"elementor-element elementor-element-709eada elementor-widget elementor-widget-spacer\" data-id=\"709eada\" data-element_type=\"widget\" data-e-type=\"widget\" data-widget_type=\"spacer.default\">\n\t\t\t\t\t\t\t<div class=\"elementor-spacer\">\n\t\t\t<div class=\"elementor-spacer-inner\"><\/div>\n\t\t<\/div>\n\t\t\t\t\t\t<\/div>\n\t\t\t\t<div class=\"elementor-element elementor-element-38a0cc8 elementor-widget elementor-widget-gallery\" data-id=\"38a0cc8\" data-element_type=\"widget\" data-e-type=\"widget\" data-settings=\"{&quot;columns&quot;:5,&quot;lazyload&quot;:&quot;yes&quot;,&quot;gallery_layout&quot;:&quot;grid&quot;,&quot;columns_tablet&quot;:2,&quot;columns_mobile&quot;:1,&quot;gap&quot;:{&quot;unit&quot;:&quot;px&quot;,&quot;size&quot;:10,&quot;sizes&quot;:[]},&quot;gap_tablet&quot;:{&quot;unit&quot;:&quot;px&quot;,&quot;size&quot;:10,&quot;sizes&quot;:[]},&quot;gap_mobile&quot;:{&quot;unit&quot;:&quot;px&quot;,&quot;size&quot;:10,&quot;sizes&quot;:[]},&quot;link_to&quot;:&quot;file&quot;,&quot;aspect_ratio&quot;:&quot;3:2&quot;,&quot;overlay_background&quot;:&quot;yes&quot;,&quot;content_hover_animation&quot;:&quot;fade-in&quot;}\" data-widget_type=\"gallery.default\">\n\t\t\t\t\t\t\t<div class=\"elementor-gallery__container\">\n\t\t\t\t\t\t\t<a class=\"e-gallery-item elementor-gallery-item elementor-animated-content\" href=\"https:\/\/asefromania.ro\/wp-content\/uploads\/2026\/03\/512685151_23918601324446615_4472.jpg\" data-elementor-open-lightbox=\"yes\" data-elementor-lightbox-slideshow=\"38a0cc8\" data-elementor-lightbox-title=\"512685151_23918601324446615_4472\" data-e-action-hash=\"#elementor-action%3Aaction%3Dlightbox%26settings%3DeyJpZCI6MTc4LCJ1cmwiOiJodHRwczpcL1wvYXNlZnJvbWFuaWEucm9cL3dwLWNvbnRlbnRcL3VwbG9hZHNcLzIwMjZcLzAzXC81MTI2ODUxNTFfMjM5MTg2MDEzMjQ0NDY2MTVfNDQ3Mi5qcGciLCJzbGlkZXNob3ciOiIzOGEwY2M4In0%3D\">\n\t\t\t\t\t<div class=\"e-gallery-image elementor-gallery-item__image\" data-thumbnail=\"https:\/\/asefromania.ro\/wp-content\/uploads\/2026\/03\/512685151_23918601324446615_4472-300x225.jpg\" data-width=\"300\" data-height=\"225\" aria-label=\"\" role=\"img\" ><\/div>\n\t\t\t\t\t\t\t\t\t\t\t<div class=\"elementor-gallery-item__overlay\"><\/div>\n\t\t\t\t\t\t\t\t\t\t\t\t\t\t<\/a>\n\t\t\t\t\t\t\t<a class=\"e-gallery-item elementor-gallery-item elementor-animated-content\" href=\"https:\/\/asefromania.ro\/wp-content\/uploads\/2026\/03\/481046923_622669353846998_776477.jpg\" data-elementor-open-lightbox=\"yes\" data-elementor-lightbox-slideshow=\"38a0cc8\" data-elementor-lightbox-title=\"481046923_622669353846998_776477\" data-e-action-hash=\"#elementor-action%3Aaction%3Dlightbox%26settings%3DeyJpZCI6MTc5LCJ1cmwiOiJodHRwczpcL1wvYXNlZnJvbWFuaWEucm9cL3dwLWNvbnRlbnRcL3VwbG9hZHNcLzIwMjZcLzAzXC80ODEwNDY5MjNfNjIyNjY5MzUzODQ2OTk4Xzc3NjQ3Ny5qcGciLCJzbGlkZXNob3ciOiIzOGEwY2M4In0%3D\">\n\t\t\t\t\t<div class=\"e-gallery-image elementor-gallery-item__image\" data-thumbnail=\"https:\/\/asefromania.ro\/wp-content\/uploads\/2026\/03\/481046923_622669353846998_776477-226x300.jpg\" data-width=\"226\" data-height=\"300\" aria-label=\"\" role=\"img\" ><\/div>\n\t\t\t\t\t\t\t\t\t\t\t<div class=\"elementor-gallery-item__overlay\"><\/div>\n\t\t\t\t\t\t\t\t\t\t\t\t\t\t<\/a>\n\t\t\t\t\t\t\t<a class=\"e-gallery-item elementor-gallery-item elementor-animated-content\" href=\"https:\/\/asefromania.ro\/wp-content\/uploads\/2026\/03\/513100450_23918768431096571_3931.jpg\" data-elementor-open-lightbox=\"yes\" data-elementor-lightbox-slideshow=\"38a0cc8\" data-elementor-lightbox-title=\"513100450_23918768431096571_3931\" data-e-action-hash=\"#elementor-action%3Aaction%3Dlightbox%26settings%3DeyJpZCI6MTgwLCJ1cmwiOiJodHRwczpcL1wvYXNlZnJvbWFuaWEucm9cL3dwLWNvbnRlbnRcL3VwbG9hZHNcLzIwMjZcLzAzXC81MTMxMDA0NTBfMjM5MTg3Njg0MzEwOTY1NzFfMzkzMS5qcGciLCJzbGlkZXNob3ciOiIzOGEwY2M4In0%3D\">\n\t\t\t\t\t<div class=\"e-gallery-image elementor-gallery-item__image\" data-thumbnail=\"https:\/\/asefromania.ro\/wp-content\/uploads\/2026\/03\/513100450_23918768431096571_3931-300x225.jpg\" data-width=\"300\" data-height=\"225\" aria-label=\"\" role=\"img\" ><\/div>\n\t\t\t\t\t\t\t\t\t\t\t<div class=\"elementor-gallery-item__overlay\"><\/div>\n\t\t\t\t\t\t\t\t\t\t\t\t\t\t<\/a>\n\t\t\t\t\t\t\t<a class=\"e-gallery-item elementor-gallery-item elementor-animated-content\" href=\"https:\/\/asefromania.ro\/wp-content\/uploads\/2026\/03\/480806834_622669440513656_132054.jpg\" data-elementor-open-lightbox=\"yes\" data-elementor-lightbox-slideshow=\"38a0cc8\" data-elementor-lightbox-title=\"480806834_622669440513656_132054\" data-e-action-hash=\"#elementor-action%3Aaction%3Dlightbox%26settings%3DeyJpZCI6MTgxLCJ1cmwiOiJodHRwczpcL1wvYXNlZnJvbWFuaWEucm9cL3dwLWNvbnRlbnRcL3VwbG9hZHNcLzIwMjZcLzAzXC80ODA4MDY4MzRfNjIyNjY5NDQwNTEzNjU2XzEzMjA1NC5qcGciLCJzbGlkZXNob3ciOiIzOGEwY2M4In0%3D\">\n\t\t\t\t\t<div class=\"e-gallery-image elementor-gallery-item__image\" data-thumbnail=\"https:\/\/asefromania.ro\/wp-content\/uploads\/2026\/03\/480806834_622669440513656_132054-225x300.jpg\" data-width=\"225\" data-height=\"300\" aria-label=\"\" role=\"img\" ><\/div>\n\t\t\t\t\t\t\t\t\t\t\t<div class=\"elementor-gallery-item__overlay\"><\/div>\n\t\t\t\t\t\t\t\t\t\t\t\t\t\t<\/a>\n\t\t\t\t\t\t\t<a class=\"e-gallery-item elementor-gallery-item elementor-animated-content\" href=\"https:\/\/asefromania.ro\/wp-content\/uploads\/2026\/03\/512643711_23923040034002744_4101.jpg\" data-elementor-open-lightbox=\"yes\" data-elementor-lightbox-slideshow=\"38a0cc8\" data-elementor-lightbox-title=\"512643711_23923040034002744_4101\" data-e-action-hash=\"#elementor-action%3Aaction%3Dlightbox%26settings%3DeyJpZCI6MTgyLCJ1cmwiOiJodHRwczpcL1wvYXNlZnJvbWFuaWEucm9cL3dwLWNvbnRlbnRcL3VwbG9hZHNcLzIwMjZcLzAzXC81MTI2NDM3MTFfMjM5MjMwNDAwMzQwMDI3NDRfNDEwMS5qcGciLCJzbGlkZXNob3ciOiIzOGEwY2M4In0%3D\">\n\t\t\t\t\t<div class=\"e-gallery-image elementor-gallery-item__image\" data-thumbnail=\"https:\/\/asefromania.ro\/wp-content\/uploads\/2026\/03\/512643711_23923040034002744_4101-300x225.jpg\" data-width=\"300\" data-height=\"225\" aria-label=\"\" role=\"img\" ><\/div>\n\t\t\t\t\t\t\t\t\t\t\t<div class=\"elementor-gallery-item__overlay\"><\/div>\n\t\t\t\t\t\t\t\t\t\t\t\t\t\t<\/a>\n\t\t\t\t\t<\/div>\n\t\t\t\t\t<\/div>\n\t\t\t\t\t<\/div>\n\t\t\t\t<\/div>\n\t\t<div class=\"elementor-element elementor-element-701e8e4 e-flex e-con-boxed e-con e-parent\" data-id=\"701e8e4\" data-element_type=\"container\" data-e-type=\"container\">\n\t\t\t\t\t<div class=\"e-con-inner\">\n\t\t\t\t\t<\/div>\n\t\t\t\t<\/div>\n\t\t\t\t<\/div>\n\t\t","protected":false},"excerpt":{"rendered":"<p>Educa\u021bie pentru o via\u021b\u0103 s\u0103n\u0103toas\u0103 \u0219i o familie puternic\u0103 S\u0103n\u0103tatea \u00eencepe cu tine. Din 1999 promov\u0103m s\u0103n\u0103tatea, educa\u021bia \u0219i valorile familiei. Afl\u0103 mai mult Preven\u021bie \u0219i stil de via\u021b\u0103 echilibrat Dezvoltarea caracterului \u0219i a valorilor Rela\u021bii armonioase \u0219i sprijin reciproc \u201eASEF este o organiza\u021bie non-profit \u00eenfiin\u021bat\u0103 \u00een 1999 care promoveaz\u0103 s\u0103n\u0103tatea, educa\u021bia \u0219i valorile familiei [&hellip;]<\/p>\n","protected":false},"author":2,"featured_media":0,"parent":0,"menu_order":0,"comment_status":"closed","ping_status":"closed","template":"","meta":{"footnotes":""},"class_list":["post-20","page","type-page","status-publish","hentry"],"_links":{"self":[{"href":"https:\/\/asefromania.ro\/index.php\/wp-json\/wp\/v2\/pages\/20","targetHints":{"allow":["GET"]}}],"collection":[{"href":"https:\/\/asefromania.ro\/index.php\/wp-json\/wp\/v2\/pages"}],"about":[{"href":"https:\/\/asefromania.ro\/index.php\/wp-json\/wp\/v2\/types\/page"}],"author":[{"embeddable":true,"href":"https:\/\/asefromania.ro\/index.php\/wp-json\/wp\/v2\/users\/2"}],"replies":[{"embeddable":true,"href":"https:\/\/asefromania.ro\/index.php\/wp-json\/wp\/v2\/comments?post=20"}],"version-history":[{"count":91,"href":"https:\/\/asefromania.ro\/index.php\/wp-json\/wp\/v2\/pages\/20\/revisions"}],"predecessor-version":[{"id":191,"href":"https:\/\/asefromania.ro\/index.php\/wp-json\/wp\/v2\/pages\/20\/revisions\/191"}],"wp:attachment":[{"href":"https:\/\/asefromania.ro\/index.php\/wp-json\/wp\/v2\/media?parent=20"}],"curies":[{"name":"wp","href":"https:\/\/api.w.org\/{rel}","templated":true}]}}